{"id":75609,"date":"2025-11-27T17:47:37","date_gmt":"2025-11-27T17:47:37","guid":{"rendered":"https:\/\/wrikt.pl\/?page_id=75609"},"modified":"2025-11-27T17:48:35","modified_gmt":"2025-11-27T17:48:35","slug":"szycie-odziezy","status":"publish","type":"page","link":"https:\/\/wrikt.pl\/en\/szycie-odziezy\/","title":{"rendered":"Szycie Odzie\u017cy"},"content":{"rendered":"<div data-elementor-type=\"wp-page\" data-elementor-id=\"75609\" class=\"elementor elementor-75609\">\n\t\t\t\t\t\t<section class=\"elementor-section elementor-top-section elementor-element elementor-element-c45971b elementor-section-boxed elementor-section-height-default elementor-section-height-default sc_fly_static\" data-id=\"c45971b\" data-element_type=\"section\">\n\t\t\t\t\t\t<div class=\"elementor-container elementor-column-gap-extended\">\n\t\t\t\t\t<div class=\"elementor-column elementor-col-100 elementor-top-column elementor-element elementor-element-57c0b6e sc_content_align_inherit sc_layouts_column_icons_position_left sc_fly_static\" data-id=\"57c0b6e\" data-element_type=\"column\">\n\t\t\t<div class=\"elementor-widget-wrap\">\n\t\t\t\t\t\t\t<\/div>\n\t\t<\/div>\n\t\t\t\t\t<\/div>\n\t\t<\/section>\n\t\t\t\t<section class=\"elementor-section elementor-top-section elementor-element elementor-element-e00291d elementor-section-boxed elementor-section-height-default elementor-section-height-default sc_fly_static\" data-id=\"e00291d\" data-element_type=\"section\">\n\t\t\t\t\t\t<div class=\"elementor-container elementor-column-gap-extended\">\n\t\t\t\t\t<div class=\"elementor-column elementor-col-50 elementor-top-column elementor-element elementor-element-d44cace sc_content_align_inherit sc_layouts_column_icons_position_left sc_fly_static\" data-id=\"d44cace\" data-element_type=\"column\">\n\t\t\t<div class=\"elementor-widget-wrap elementor-element-populated\">\n\t\t\t\t\t\t<div data-animation-type=\"block\" class=\"elementor-element elementor-element-49a8e4a animation_type_block sc_fly_static elementor-invisible elementor-widget elementor-widget-trx_sc_title\" data-id=\"49a8e4a\" data-element_type=\"widget\" data-settings=\"{&quot;_animation&quot;:&quot;reboot-fadeinup&quot;}\" data-widget_type=\"trx_sc_title.default\">\n\t\t\t\t<div class=\"elementor-widget-container\">\n\t\t\t\t\t<div\t\tclass=\"sc_title sc_title_default\" ><h1 class=\"sc_item_title sc_title_title sc_item_title_style_default sc_item_title_tag\"\n\t\t\t><span class=\"sc_item_title_text\">Szycie odzie\u017cy  \u2013 profesjonalna produkcja dla firm<\/span><\/h1><div class=\"sc_item_descr sc_title_descr\"><p><b>Zajmujemy si\u0119 szyciem odzie\u017cy roboczej, firmowej i specjalistycznej, dostosowanej do potrzeb r\u00f3\u017cnych bran\u017c. <\/b>Tworzymy ubrania, kt\u00f3re \u0142\u0105cz\u0105 funkcjonalno\u015b\u0107, wytrzyma\u0142o\u015b\u0107 i estetyk\u0119, dzi\u0119ki czemu doskonale sprawdzaj\u0105 si\u0119 zar\u00f3wno w codziennej pracy, jak i w wymagaj\u0105cych warunkach. Ka\u017cdy projekt przygotowujemy indywidualnie, dbaj\u0105c o dopasowanie kroju, materia\u0142\u00f3w oraz dodatkowych element\u00f3w do specyfiki firmy i stanowisk pracy.<\/p>\n<p><br><br><br \/>\nSzyjemy m.in. spodnie robocze, bluzy, koszulki, kamizelki, fartuchy, a tak\u017ce odzie\u017c techniczn\u0105 wyposa\u017con\u0105 w wzmocnienia, kieszenie, elementy odblaskowe czy personalizacj\u0119. Wykorzystujemy trwa\u0142e materia\u0142y oraz profesjonalne techniki szycia, co gwarantuje wysok\u0105 odporno\u015b\u0107 na uszkodzenia oraz komfort u\u017cytkowania.<br \/>\nNa ka\u017cdym etapie \u2013 od projektu, przez konstrukcj\u0119, a\u017c po finalne odszycie \u2013 dbamy o jako\u015b\u0107 i precyzj\u0119 wykonania. Dzi\u0119ki temu nasze produkty wspieraj\u0105 firmy w budowaniu sp\u00f3jnego wizerunku i zapewniaj\u0105 pracownikom bezpieczn\u0105, wygodn\u0105 odzie\u017c. Je\u015bli szukasz producenta, kt\u00f3ry uszyje odzie\u017c dok\u0142adnie na Twoje potrzeby \u2013 jeste\u015bmy gotowi do wsp\u00f3\u0142pracy.<\/p>\n<\/div><\/div>\t\t\t\t<\/div>\n\t\t\t\t<\/div>\n\t\t\t\t\t<\/div>\n\t\t<\/div>\n\t\t\t\t<div class=\"elementor-column elementor-col-50 elementor-top-column elementor-element elementor-element-082a820 sc_content_align_inherit sc_layouts_column_icons_position_left sc_fly_static\" data-id=\"082a820\" data-element_type=\"column\">\n\t\t\t<div class=\"elementor-widget-wrap elementor-element-populated\">\n\t\t\t\t\t\t<div class=\"elementor-element elementor-element-30e9dd0 sc_fly_static elementor-widget elementor-widget-image\" data-id=\"30e9dd0\" data-element_type=\"widget\" data-widget_type=\"image.default\">\n\t\t\t\t<div class=\"elementor-widget-container\">\n\t\t\t\t\t\t\t\t\t\t\t\t\t\t\t<img fetchpriority=\"high\" decoding=\"async\" width=\"728\" height=\"948\" src=\"https:\/\/wrikt.pl\/wp-content\/uploads\/2025\/11\/ro.webp\" class=\"attachment-large size-large wp-image-75408\" alt=\"\" srcset=\"https:\/\/wrikt.pl\/wp-content\/uploads\/2025\/11\/ro.webp 728w, https:\/\/wrikt.pl\/wp-content\/uploads\/2025\/11\/ro-230x300.webp 230w, https:\/\/wrikt.pl\/wp-content\/uploads\/2025\/11\/ro-370x482.webp 370w, https:\/\/wrikt.pl\/wp-content\/uploads\/2025\/11\/ro-410x534.webp 410w\" sizes=\"(max-width: 728px) 100vw, 728px\" \/>\t\t\t\t\t\t\t\t\t\t\t\t\t\t\t<\/div>\n\t\t\t\t<\/div>\n\t\t\t\t\t<\/div>\n\t\t<\/div>\n\t\t\t\t\t<\/div>\n\t\t<\/section>\n\t\t\t\t<section class=\"elementor-section elementor-top-section elementor-element elementor-element-a79f355 elementor-section-full_width elementor-section-height-default elementor-section-height-default sc_fly_static\" data-id=\"a79f355\" data-element_type=\"section\">\n\t\t\t\t\t\t<div class=\"elementor-container elementor-column-gap-no\">\n\t\t\t\t\t<div class=\"elementor-column elementor-col-100 elementor-top-column elementor-element elementor-element-817f70e sc_content_align_inherit sc_layouts_column_icons_position_left sc_fly_static\" data-id=\"817f70e\" data-element_type=\"column\">\n\t\t\t<div class=\"elementor-widget-wrap elementor-element-populated\">\n\t\t\t\t\t\t<div class=\"elementor-element elementor-element-6153b66 sc_fly_static elementor-widget elementor-widget-spacer\" data-id=\"6153b66\" data-element_type=\"widget\" data-widget_type=\"spacer.default\">\n\t\t\t\t<div class=\"elementor-widget-container\">\n\t\t\t\t\t\t\t<div class=\"elementor-spacer\">\n\t\t\t<div class=\"elementor-spacer-inner\"><\/div>\n\t\t<\/div>\n\t\t\t\t\t\t<\/div>\n\t\t\t\t<\/div>\n\t\t\t\t<section class=\"elementor-section elementor-inner-section elementor-element elementor-element-68c1fa4 elementor-section-boxed elementor-section-height-default elementor-section-height-default sc_fly_static\" data-id=\"68c1fa4\" data-element_type=\"section\">\n\t\t\t\t\t\t<div class=\"elementor-container elementor-column-gap-extended\">\n\t\t\t\t\t<div class=\"elementor-column elementor-col-100 elementor-inner-column elementor-element elementor-element-4d4a991 sc_layouts_column_align_center sc_layouts_column sc_content_align_inherit sc_layouts_column_icons_position_left sc_fly_static\" data-id=\"4d4a991\" data-element_type=\"column\">\n\t\t\t<div class=\"elementor-widget-wrap elementor-element-populated\">\n\t\t\t\t\t\t<div class=\"elementor-element elementor-element-9f2e937 sc_fly_static elementor-widget elementor-widget-trx_sc_title\" data-id=\"9f2e937\" data-element_type=\"widget\" data-widget_type=\"trx_sc_title.default\">\n\t\t\t\t<div class=\"elementor-widget-container\">\n\t\t\t\t\t<div\t\tclass=\"sc_title sc_title_default\" ><h1 class=\"sc_item_title sc_title_title sc_item_title_style_default sc_item_title_tag\"\n\t\t\t><span class=\"sc_item_title_text\">Skontaktuj si\u0119\u00a0z nami<\/span><\/h1><div class=\"sc_item_descr sc_title_descr\"><p>Masz pytania dotycz\u0105ce naszej oferty, potrzebujesz wyceny lub chcesz z\u0142o\u017cy\u0107 zam\u00f3wienie indywidualne?<\/p>\n<p>Skontaktuj si\u0119 z nami \u2013 z przyjemno\u015bci\u0105 doradzimy i pomo\u017cemy dobra\u0107 rozwi\u0105zania dopasowane do Twoich potrzeb. Jeste\u015bmy dost\u0119pni telefonicznie, mailowo oraz w naszych kana\u0142ach social media, a w siedzibie w Sosnowcu zawsze czeka na Ciebie fachowa pomoc.<\/p>\n<\/div><\/div>\t\t\t\t<\/div>\n\t\t\t\t<\/div>\n\t\t\t\t<div class=\"elementor-element elementor-element-08a5ffb sc_height_small sc_fly_static elementor-widget elementor-widget-spacer\" data-id=\"08a5ffb\" data-element_type=\"widget\" data-widget_type=\"spacer.default\">\n\t\t\t\t<div class=\"elementor-widget-container\">\n\t\t\t\t\t\t\t<div class=\"elementor-spacer\">\n\t\t\t<div class=\"elementor-spacer-inner\"><\/div>\n\t\t<\/div>\n\t\t\t\t\t\t<\/div>\n\t\t\t\t<\/div>\n\t\t\t\t\t<\/div>\n\t\t<\/div>\n\t\t\t\t\t<\/div>\n\t\t<\/section>\n\t\t\t\t<div class=\"elementor-element elementor-element-1a02271 style-switcher-tabs sc_fly_static elementor-widget elementor-widget-trx_sc_switcher\" data-id=\"1a02271\" data-element_type=\"widget\" data-widget_type=\"trx_sc_switcher.default\">\n\t\t\t\t<div class=\"elementor-widget-container\">\n\t\t\t\t\t<div \t\tclass=\"sc_switcher sc_switcher_tabs sc_switcher_effect_fade\" ><div class=\"sc_switcher_content sc_item_content\" >\n\t\t\t<div class=\"sc_switcher_tabs_controls\"><div class=\"sc_switcher_tab sc_switcher_tab_active\" data-tab=\"1\">\n\t\t\t\t\t\t<h5><span style=\"color: #A5A6AA\"><\/span>Zadzwo\u0144 do nas<\/h5>zadzwo\u0144 do nas je\u017celi masz pytania lub potrzebujesz indywidualnej wyceny<h6>573 160 762<\/h6>\t\t\t\t\t\t<a href=\"#\" role=\"button\" class=\"sc_switcher_tab_link\"><\/a>\n\t\t\t\t\t<\/div><div class=\"sc_switcher_tab\" data-tab=\"2\">\n\t\t\t\t\t\t<h5><span style=\"color: #A5A6AA\"><\/span>Napisz do nas<\/h5>napisz do nas prywatn\u0105 wiadomo\u015b\u0107 e-mail<h6>biuro@wrikt.pl<\/h6>\t\t\t\t\t\t<a href=\"#\" role=\"button\" class=\"sc_switcher_tab_link\"><\/a>\n\t\t\t\t\t<\/div><div class=\"sc_switcher_tab\" data-tab=\"3\">\n\t\t\t\t\t\t<h5><span style=\"color: #a5a6aa\"><\/span>Odwied\u017a nas<\/h5>w siedzibie naszej firmy i szwalni przy ulicy Wygoda 10A, 41-208<h6>Sosnowiec<\/h6>\t\t\t\t\t\t<a href=\"#\" role=\"button\" class=\"sc_switcher_tab_link\"><\/a>\n\t\t\t\t\t<\/div><div class=\"sc_switcher_tab\" data-tab=\"4\">\n\t\t\t\t\t\t<h5><span style=\"color: #a5a6aa\"><\/span>Social-media<\/h5>zobacz nasze produkty i nasz\u0105 prac\u0119 w mediach spo\u0142eczno\u015bciowych<h6>Instagram @WRIKT<\/h6>\t\t\t\t\t\t<a href=\"#\" role=\"button\" class=\"sc_switcher_tab_link\"><\/a>\n\t\t\t\t\t<\/div><\/div>\n\t\t\t<div class=\"sc_switcher_sections\" >\n\t\t\t\t<div class=\"sc_switcher_slider sc_switcher_slider_4\">\n\t\t\t\t\t<div class=\"sc_switcher_section sc_switcher_section_active\">\n\t\t\t\t\t\t\t\t\t\t\t\t\t<\/div>\n\t\t\t\t\t\t<div class=\"sc_switcher_section\" data-section=\"map-2\">\n\t\t\t\t\t\t\t\t\t\t\t\t\t<\/div>\n\t\t\t\t\t\t<div class=\"sc_switcher_section\" data-section=\"map-3\">\n\t\t\t\t\t\t\t\t\t\t\t\t\t<\/div>\n\t\t\t\t\t\t<div class=\"sc_switcher_section\" data-section=\"map-4\">\n\t\t\t\t\t\t\t\t\t\t\t\t\t<\/div>\n\t\t\t\t\t\t\t\t\t\t<\/div>\n\t\t\t<\/div>\n\t\t<\/div><\/div>\t\t\t\t<\/div>\n\t\t\t\t<\/div>\n\t\t\t\t\t<\/div>\n\t\t<\/div>\n\t\t\t\t\t<\/div>\n\t\t<\/section>\n\t\t\t\t<section class=\"elementor-section elementor-top-section elementor-element elementor-element-1bf875a elementor-section-full_width elementor-section-height-default elementor-section-height-default sc_fly_static\" data-id=\"1bf875a\" data-element_type=\"section\" id=\"map-1\">\n\t\t\t\t\t\t<div class=\"elementor-container elementor-column-gap-extended\">\n\t\t\t\t\t<div class=\"elementor-column elementor-col-100 elementor-top-column elementor-element elementor-element-e31f5f1 sc_content_align_inherit sc_layouts_column_icons_position_left sc_fly_static\" data-id=\"e31f5f1\" data-element_type=\"column\">\n\t\t\t<div class=\"elementor-widget-wrap elementor-element-populated\">\n\t\t\t\t\t\t<div class=\"elementor-element elementor-element-e39e783 sc_fly_static elementor-widget elementor-widget-spacer\" data-id=\"e39e783\" data-element_type=\"widget\" data-widget_type=\"spacer.default\">\n\t\t\t\t<div class=\"elementor-widget-container\">\n\t\t\t\t\t\t\t<div class=\"elementor-spacer\">\n\t\t\t<div class=\"elementor-spacer-inner\"><\/div>\n\t\t<\/div>\n\t\t\t\t\t\t<\/div>\n\t\t\t\t<\/div>\n\t\t\t\t<div class=\"elementor-element elementor-element-15ce9c2 scheme_dark sc_fly_static elementor-widget elementor-widget-trx_sc_googlemap\" data-id=\"15ce9c2\" data-element_type=\"widget\" data-widget_type=\"trx_sc_googlemap.default\">\n\t\t\t\t<div class=\"elementor-widget-container\">\n\t\t\t\t\t<div id=\"sc_googlemap_167458824_wrap\" class=\"sc_googlemap_wrap\"><div id=\"sc_googlemap_167458824\"\t\t\tclass=\"sc_item_content sc_map sc_googlemap sc_googlemap_default trx_addons_inline_743641374\"\n\t\t\t \t\t\tdata-zoom=\"11\"\n\t\t\tdata-center=\"\"\n\t\t\tdata-style=\"default\"\n\t\t\tdata-map-id=\"\"\n\t\t\tdata-cluster-icon=\"\"\n\t\t\t><iframe\n\t\t\t\t\t\tsrc=\"https:\/\/maps.google.com\/maps?t=m&output=embed&iwloc=near&z=11&q=Wygoda+10A%2C+41-208+Sosnowiec%2C+Poland\"\n\t\t\t\t\t\taria-label=\"\"><\/iframe><\/div><\/div>\t\t\t\t<\/div>\n\t\t\t\t<\/div>\n\t\t\t\t\t<\/div>\n\t\t<\/div>\n\t\t\t\t\t<\/div>\n\t\t<\/section>\n\t\t\t\t<section class=\"elementor-section elementor-top-section elementor-element elementor-element-ccb96d8 elementor-section-full_width scheme_dark elementor-section-height-default elementor-section-height-default sc_fly_static\" data-id=\"ccb96d8\" data-element_type=\"section\" data-settings=\"{&quot;background_background&quot;:&quot;classic&quot;}\">\n\t\t\t\t\t\t<div class=\"elementor-container elementor-column-gap-no\">\n\t\t\t\t\t<div class=\"elementor-column elementor-col-100 elementor-top-column elementor-element elementor-element-9a56b70 sc_content_align_inherit sc_layouts_column_icons_position_left sc_fly_static\" data-id=\"9a56b70\" data-element_type=\"column\">\n\t\t\t<div class=\"elementor-widget-wrap elementor-element-populated\">\n\t\t\t\t\t\t<div class=\"elementor-element elementor-element-06267ea sc_fly_static elementor-widget elementor-widget-spacer\" data-id=\"06267ea\" data-element_type=\"widget\" data-widget_type=\"spacer.default\">\n\t\t\t\t<div class=\"elementor-widget-container\">\n\t\t\t\t\t\t\t<div class=\"elementor-spacer\">\n\t\t\t<div class=\"elementor-spacer-inner\"><\/div>\n\t\t<\/div>\n\t\t\t\t\t\t<\/div>\n\t\t\t\t<\/div>\n\t\t\t\t<section class=\"elementor-section elementor-inner-section elementor-element elementor-element-acf9f26 elementor-section-boxed elementor-section-height-default elementor-section-height-default sc_fly_static\" data-id=\"acf9f26\" data-element_type=\"section\">\n\t\t\t\t\t\t<div class=\"elementor-container elementor-column-gap-extended\">\n\t\t\t\t\t<div class=\"elementor-column elementor-col-25 elementor-inner-column elementor-element elementor-element-82cebc5 sc_content_align_inherit sc_layouts_column_icons_position_left sc_fly_static\" data-id=\"82cebc5\" data-element_type=\"column\">\n\t\t\t<div class=\"elementor-widget-wrap elementor-element-populated\">\n\t\t\t\t\t\t<div class=\"elementor-element elementor-element-390d5c2 elementor-position-left elementor-mobile-position-left elementor-view-default sc_fly_static elementor-widget elementor-widget-icon-box\" data-id=\"390d5c2\" data-element_type=\"widget\" data-widget_type=\"icon-box.default\">\n\t\t\t\t<div class=\"elementor-widget-container\">\n\t\t\t\t\t\t\t<div class=\"elementor-icon-box-wrapper\">\n\n\t\t\t\t\t\t<div class=\"elementor-icon-box-icon\">\n\t\t\t\t<span  class=\"elementor-icon\">\n\t\t\t\t\t\t\t\t<\/span>\n\t\t\t<\/div>\n\t\t\t\n\t\t\t\t\t\t<div class=\"elementor-icon-box-content\">\n\n\t\t\t\t\t\t\t\t\t<h6 class=\"elementor-icon-box-title\">\n\t\t\t\t\t\t<span  >\n\t\t\t\t\t\t\tR\u0119czna manufaktura\t\t\t\t\t\t<\/span>\n\t\t\t\t\t<\/h6>\n\t\t\t\t\n\t\t\t\t\t\t\t\t\t<p class=\"elementor-icon-box-description\">\n\t\t\t\t\t\tDzia\u0142amy od ponad 40 lat\t\t\t\t\t<\/p>\n\t\t\t\t\n\t\t\t<\/div>\n\t\t\t\n\t\t<\/div>\n\t\t\t\t\t\t<\/div>\n\t\t\t\t<\/div>\n\t\t\t\t\t<\/div>\n\t\t<\/div>\n\t\t\t\t<div class=\"elementor-column elementor-col-25 elementor-inner-column elementor-element elementor-element-f0bfd29 sc_content_align_inherit sc_layouts_column_icons_position_left sc_fly_static\" data-id=\"f0bfd29\" data-element_type=\"column\">\n\t\t\t<div class=\"elementor-widget-wrap elementor-element-populated\">\n\t\t\t\t\t\t<div class=\"elementor-element elementor-element-6543ed5 elementor-position-left elementor-mobile-position-left elementor-view-default sc_fly_static elementor-widget elementor-widget-icon-box\" data-id=\"6543ed5\" data-element_type=\"widget\" data-widget_type=\"icon-box.default\">\n\t\t\t\t<div class=\"elementor-widget-container\">\n\t\t\t\t\t\t\t<div class=\"elementor-icon-box-wrapper\">\n\n\t\t\t\t\t\t<div class=\"elementor-icon-box-icon\">\n\t\t\t\t<span  class=\"elementor-icon\">\n\t\t\t\t\t\t\t\t<\/span>\n\t\t\t<\/div>\n\t\t\t\n\t\t\t\t\t\t<div class=\"elementor-icon-box-content\">\n\n\t\t\t\t\t\t\t\t\t<h6 class=\"elementor-icon-box-title\">\n\t\t\t\t\t\t<span  >\n\t\t\t\t\t\t\tSzybka dostawa\t\t\t\t\t\t<\/span>\n\t\t\t\t\t<\/h6>\n\t\t\t\t\n\t\t\t\t\t\t\t\t\t<p class=\"elementor-icon-box-description\">\n\t\t\t\t\t\tKurierem lub odbi\u00f3r osobisty\t\t\t\t\t<\/p>\n\t\t\t\t\n\t\t\t<\/div>\n\t\t\t\n\t\t<\/div>\n\t\t\t\t\t\t<\/div>\n\t\t\t\t<\/div>\n\t\t\t\t\t<\/div>\n\t\t<\/div>\n\t\t\t\t<div class=\"elementor-column elementor-col-25 elementor-inner-column elementor-element elementor-element-dbce2a9 sc_content_align_inherit sc_layouts_column_icons_position_left sc_fly_static\" data-id=\"dbce2a9\" data-element_type=\"column\">\n\t\t\t<div class=\"elementor-widget-wrap elementor-element-populated\">\n\t\t\t\t\t\t<div class=\"elementor-element elementor-element-a2ab683 elementor-position-left elementor-mobile-position-left elementor-view-default sc_fly_static elementor-widget elementor-widget-icon-box\" data-id=\"a2ab683\" data-element_type=\"widget\" data-widget_type=\"icon-box.default\">\n\t\t\t\t<div class=\"elementor-widget-container\">\n\t\t\t\t\t\t\t<div class=\"elementor-icon-box-wrapper\">\n\n\t\t\t\t\t\t<div class=\"elementor-icon-box-icon\">\n\t\t\t\t<span  class=\"elementor-icon\">\n\t\t\t\t\t\t\t\t<\/span>\n\t\t\t<\/div>\n\t\t\t\n\t\t\t\t\t\t<div class=\"elementor-icon-box-content\">\n\n\t\t\t\t\t\t\t\t\t<h6 class=\"elementor-icon-box-title\">\n\t\t\t\t\t\t<span  >\n\t\t\t\t\t\t\tOchrona kupuj\u0105cego\t\t\t\t\t\t<\/span>\n\t\t\t\t\t<\/h6>\n\t\t\t\t\n\t\t\t\t\t\t\t\t\t<p class=\"elementor-icon-box-description\">\n\t\t\t\t\t\tMo\u017cliwo\u015b\u0107 zwrotu do 14 dni\t\t\t\t\t<\/p>\n\t\t\t\t\n\t\t\t<\/div>\n\t\t\t\n\t\t<\/div>\n\t\t\t\t\t\t<\/div>\n\t\t\t\t<\/div>\n\t\t\t\t\t<\/div>\n\t\t<\/div>\n\t\t\t\t<div class=\"elementor-column elementor-col-25 elementor-inner-column elementor-element elementor-element-be9cf38 sc_content_align_inherit sc_layouts_column_icons_position_left sc_fly_static\" data-id=\"be9cf38\" data-element_type=\"column\">\n\t\t\t<div class=\"elementor-widget-wrap elementor-element-populated\">\n\t\t\t\t\t\t<div class=\"elementor-element elementor-element-015c563 elementor-position-left elementor-mobile-position-left elementor-view-default sc_fly_static elementor-widget elementor-widget-icon-box\" data-id=\"015c563\" data-element_type=\"widget\" data-widget_type=\"icon-box.default\">\n\t\t\t\t<div class=\"elementor-widget-container\">\n\t\t\t\t\t\t\t<div class=\"elementor-icon-box-wrapper\">\n\n\t\t\t\t\t\t<div class=\"elementor-icon-box-icon\">\n\t\t\t\t<span  class=\"elementor-icon\">\n\t\t\t\t\t\t\t\t<\/span>\n\t\t\t<\/div>\n\t\t\t\n\t\t\t\t\t\t<div class=\"elementor-icon-box-content\">\n\n\t\t\t\t\t\t\t\t\t<h6 class=\"elementor-icon-box-title\">\n\t\t\t\t\t\t<span  >\n\t\t\t\t\t\t\tPotwierdzona jako\u015b\u0107\t\t\t\t\t\t<\/span>\n\t\t\t\t\t<\/h6>\n\t\t\t\t\n\t\t\t\t\t\t\t\t\t<p class=\"elementor-icon-box-description\">\n\t\t\t\t\t\tNiezawodna jako\u015b\u0107 produkt\u00f3w\t\t\t\t\t<\/p>\n\t\t\t\t\n\t\t\t<\/div>\n\t\t\t\n\t\t<\/div>\n\t\t\t\t\t\t<\/div>\n\t\t\t\t<\/div>\n\t\t\t\t\t<\/div>\n\t\t<\/div>\n\t\t\t\t\t<\/div>\n\t\t<\/section>\n\t\t\t\t<div class=\"elementor-element elementor-element-535b2bd sc_fly_static elementor-widget elementor-widget-spacer\" data-id=\"535b2bd\" data-element_type=\"widget\" data-widget_type=\"spacer.default\">\n\t\t\t\t<div class=\"elementor-widget-container\">\n\t\t\t\t\t\t\t<div class=\"elementor-spacer\">\n\t\t\t<div class=\"elementor-spacer-inner\"><\/div>\n\t\t<\/div>\n\t\t\t\t\t\t<\/div>\n\t\t\t\t<\/div>\n\t\t\t\t\t<\/div>\n\t\t<\/div>\n\t\t\t\t\t<\/div>\n\t\t<\/section>\n\t\t\t\t<\/div>","protected":false},"excerpt":{"rendered":"<p>Szycie odzie\u017cy \u2013 profesjonalna produkcja dla firm Zajmujemy si\u0119 szyciem odzie\u017cy roboczej, firmowej i specjalistycznej,&hellip;<\/p>","protected":false},"author":1,"featured_media":0,"parent":0,"menu_order":0,"comment_status":"closed","ping_status":"closed","template":"","meta":{"footnotes":""},"class_list":["post-75609","page","type-page","status-publish","hentry"],"yoast_head":"<!-- This site is optimized with the Yoast SEO plugin v26.4 - https:\/\/yoast.com\/wordpress\/plugins\/seo\/ -->\n<title>Szycie Odzie\u017cy - WRIKT<\/title>\n<meta name=\"robots\" content=\"index, follow, max-snippet:-1, max-image-preview:large, max-video-preview:-1\" \/>\n<link rel=\"canonical\" href=\"https:\/\/wrikt.pl\/en\/szycie-odziezy\/\" \/>\n<meta property=\"og:locale\" content=\"en_GB\" \/>\n<meta property=\"og:type\" content=\"article\" \/>\n<meta property=\"og:title\" content=\"Szycie Odzie\u017cy - WRIKT\" \/>\n<meta property=\"og:description\" content=\"Szycie odzie\u017cy \u2013 profesjonalna produkcja dla firm Zajmujemy si\u0119 szyciem odzie\u017cy roboczej, firmowej i specjalistycznej,&hellip;\" \/>\n<meta property=\"og:url\" content=\"https:\/\/wrikt.pl\/en\/szycie-odziezy\/\" \/>\n<meta property=\"og:site_name\" content=\"WRIKT\" \/>\n<meta property=\"article:modified_time\" content=\"2025-11-27T17:48:35+00:00\" \/>\n<meta property=\"og:image\" content=\"https:\/\/wrikt.pl\/wp-content\/uploads\/2025\/11\/ro.webp\" \/>\n<meta name=\"twitter:card\" content=\"summary_large_image\" \/>\n<meta name=\"twitter:label1\" content=\"Estimated reading time\" \/>\n\t<meta name=\"twitter:data1\" content=\"2 minutes\" \/>\n<script type=\"application\/ld+json\" class=\"yoast-schema-graph\">{\"@context\":\"https:\/\/schema.org\",\"@graph\":[{\"@type\":\"WebPage\",\"@id\":\"https:\/\/wrikt.pl\/szycie-odziezy\/\",\"url\":\"https:\/\/wrikt.pl\/szycie-odziezy\/\",\"name\":\"Szycie Odzie\u017cy - WRIKT\",\"isPartOf\":{\"@id\":\"https:\/\/wrikt.pl\/#website\"},\"primaryImageOfPage\":{\"@id\":\"https:\/\/wrikt.pl\/szycie-odziezy\/#primaryimage\"},\"image\":{\"@id\":\"https:\/\/wrikt.pl\/szycie-odziezy\/#primaryimage\"},\"thumbnailUrl\":\"https:\/\/wrikt.pl\/wp-content\/uploads\/2025\/11\/ro.webp\",\"datePublished\":\"2025-11-27T17:47:37+00:00\",\"dateModified\":\"2025-11-27T17:48:35+00:00\",\"breadcrumb\":{\"@id\":\"https:\/\/wrikt.pl\/szycie-odziezy\/#breadcrumb\"},\"inLanguage\":\"en-GB\",\"potentialAction\":[{\"@type\":\"ReadAction\",\"target\":[\"https:\/\/wrikt.pl\/szycie-odziezy\/\"]}]},{\"@type\":\"ImageObject\",\"inLanguage\":\"en-GB\",\"@id\":\"https:\/\/wrikt.pl\/szycie-odziezy\/#primaryimage\",\"url\":\"https:\/\/wrikt.pl\/wp-content\/uploads\/2025\/11\/ro.webp\",\"contentUrl\":\"https:\/\/wrikt.pl\/wp-content\/uploads\/2025\/11\/ro.webp\"},{\"@type\":\"BreadcrumbList\",\"@id\":\"https:\/\/wrikt.pl\/szycie-odziezy\/#breadcrumb\",\"itemListElement\":[{\"@type\":\"ListItem\",\"position\":1,\"name\":\"Home\",\"item\":\"https:\/\/wrikt.pl\/\"},{\"@type\":\"ListItem\",\"position\":2,\"name\":\"Szycie Odzie\u017cy\"}]},{\"@type\":\"WebSite\",\"@id\":\"https:\/\/wrikt.pl\/#website\",\"url\":\"https:\/\/wrikt.pl\/\",\"name\":\"WRIKT\",\"description\":\"Odzie\u017c Robocza dla Pracownik\u00f3w, Robotnik\u00f3w, Medyk\u00f3w i Gastronomii\",\"potentialAction\":[{\"@type\":\"SearchAction\",\"target\":{\"@type\":\"EntryPoint\",\"urlTemplate\":\"https:\/\/wrikt.pl\/?s={search_term_string}\"},\"query-input\":{\"@type\":\"PropertyValueSpecification\",\"valueRequired\":true,\"valueName\":\"search_term_string\"}}],\"inLanguage\":\"en-GB\"}]}<\/script>\n<!-- \/ Yoast SEO plugin. -->","yoast_head_json":{"title":"Szycie Odzie\u017cy - WRIKT","robots":{"index":"index","follow":"follow","max-snippet":"max-snippet:-1","max-image-preview":"max-image-preview:large","max-video-preview":"max-video-preview:-1"},"canonical":"https:\/\/wrikt.pl\/en\/szycie-odziezy\/","og_locale":"en_GB","og_type":"article","og_title":"Szycie Odzie\u017cy - WRIKT","og_description":"Szycie odzie\u017cy \u2013 profesjonalna produkcja dla firm Zajmujemy si\u0119 szyciem odzie\u017cy roboczej, firmowej i specjalistycznej,&hellip;","og_url":"https:\/\/wrikt.pl\/en\/szycie-odziezy\/","og_site_name":"WRIKT","article_modified_time":"2025-11-27T17:48:35+00:00","og_image":[{"url":"https:\/\/wrikt.pl\/wp-content\/uploads\/2025\/11\/ro.webp","type":"","width":"","height":""}],"twitter_card":"summary_large_image","twitter_misc":{"Estimated reading time":"2 minutes"},"schema":{"@context":"https:\/\/schema.org","@graph":[{"@type":"WebPage","@id":"https:\/\/wrikt.pl\/szycie-odziezy\/","url":"https:\/\/wrikt.pl\/szycie-odziezy\/","name":"Szycie Odzie\u017cy - WRIKT","isPartOf":{"@id":"https:\/\/wrikt.pl\/#website"},"primaryImageOfPage":{"@id":"https:\/\/wrikt.pl\/szycie-odziezy\/#primaryimage"},"image":{"@id":"https:\/\/wrikt.pl\/szycie-odziezy\/#primaryimage"},"thumbnailUrl":"https:\/\/wrikt.pl\/wp-content\/uploads\/2025\/11\/ro.webp","datePublished":"2025-11-27T17:47:37+00:00","dateModified":"2025-11-27T17:48:35+00:00","breadcrumb":{"@id":"https:\/\/wrikt.pl\/szycie-odziezy\/#breadcrumb"},"inLanguage":"en-GB","potentialAction":[{"@type":"ReadAction","target":["https:\/\/wrikt.pl\/szycie-odziezy\/"]}]},{"@type":"ImageObject","inLanguage":"en-GB","@id":"https:\/\/wrikt.pl\/szycie-odziezy\/#primaryimage","url":"https:\/\/wrikt.pl\/wp-content\/uploads\/2025\/11\/ro.webp","contentUrl":"https:\/\/wrikt.pl\/wp-content\/uploads\/2025\/11\/ro.webp"},{"@type":"BreadcrumbList","@id":"https:\/\/wrikt.pl\/szycie-odziezy\/#breadcrumb","itemListElement":[{"@type":"ListItem","position":1,"name":"Home","item":"https:\/\/wrikt.pl\/"},{"@type":"ListItem","position":2,"name":"Szycie Odzie\u017cy"}]},{"@type":"WebSite","@id":"https:\/\/wrikt.pl\/#website","url":"https:\/\/wrikt.pl\/","name":"WRIKT","description":"Odzie\u017c Robocza dla Pracownik\u00f3w, Robotnik\u00f3w, Medyk\u00f3w i Gastronomii","potentialAction":[{"@type":"SearchAction","target":{"@type":"EntryPoint","urlTemplate":"https:\/\/wrikt.pl\/?s={search_term_string}"},"query-input":{"@type":"PropertyValueSpecification","valueRequired":true,"valueName":"search_term_string"}}],"inLanguage":"en-GB"}]}},"_hostinger_reach_plugin_has_subscription_block":false,"_hostinger_reach_plugin_is_elementor":false,"_links":{"self":[{"href":"https:\/\/wrikt.pl\/en\/wp-json\/wp\/v2\/pages\/75609","targetHints":{"allow":["GET"]}}],"collection":[{"href":"https:\/\/wrikt.pl\/en\/wp-json\/wp\/v2\/pages"}],"about":[{"href":"https:\/\/wrikt.pl\/en\/wp-json\/wp\/v2\/types\/page"}],"author":[{"embeddable":true,"href":"https:\/\/wrikt.pl\/en\/wp-json\/wp\/v2\/users\/1"}],"replies":[{"embeddable":true,"href":"https:\/\/wrikt.pl\/en\/wp-json\/wp\/v2\/comments?post=75609"}],"version-history":[{"count":4,"href":"https:\/\/wrikt.pl\/en\/wp-json\/wp\/v2\/pages\/75609\/revisions"}],"predecessor-version":[{"id":75613,"href":"https:\/\/wrikt.pl\/en\/wp-json\/wp\/v2\/pages\/75609\/revisions\/75613"}],"wp:attachment":[{"href":"https:\/\/wrikt.pl\/en\/wp-json\/wp\/v2\/media?parent=75609"}],"curies":[{"name":"wp","href":"https:\/\/api.w.org\/{rel}","templated":true}]}}