{"id":75622,"date":"2025-11-27T17:51:20","date_gmt":"2025-11-27T17:51:20","guid":{"rendered":"https:\/\/wrikt.pl\/?page_id=75622"},"modified":"2026-03-24T08:18:13","modified_gmt":"2026-03-24T08:18:13","slug":"kursy-szycia","status":"publish","type":"page","link":"https:\/\/wrikt.pl\/en\/kursy-szycia\/","title":{"rendered":"Kursy szycia"},"content":{"rendered":"<div data-elementor-type=\"wp-page\" data-elementor-id=\"75622\" class=\"elementor elementor-75622\">\n\t\t\t\t\t\t<section class=\"elementor-section elementor-top-section elementor-element elementor-element-c45971b elementor-section-boxed elementor-section-height-default elementor-section-height-default sc_fly_static\" data-id=\"c45971b\" data-element_type=\"section\">\n\t\t\t\t\t\t<div class=\"elementor-container elementor-column-gap-extended\">\n\t\t\t\t\t<div class=\"elementor-column elementor-col-100 elementor-top-column elementor-element elementor-element-57c0b6e sc_content_align_inherit sc_layouts_column_icons_position_left sc_fly_static\" data-id=\"57c0b6e\" data-element_type=\"column\">\n\t\t\t<div class=\"elementor-widget-wrap\">\n\t\t\t\t\t\t\t<\/div>\n\t\t<\/div>\n\t\t\t\t\t<\/div>\n\t\t<\/section>\n\t\t\t\t<section class=\"elementor-section elementor-top-section elementor-element elementor-element-e00291d elementor-section-boxed elementor-section-height-default elementor-section-height-default sc_fly_static\" data-id=\"e00291d\" data-element_type=\"section\">\n\t\t\t\t\t\t<div class=\"elementor-container elementor-column-gap-extended\">\n\t\t\t\t\t<div class=\"elementor-column elementor-col-50 elementor-top-column elementor-element elementor-element-d44cace sc_content_align_inherit sc_layouts_column_icons_position_left sc_fly_static\" data-id=\"d44cace\" data-element_type=\"column\">\n\t\t\t<div class=\"elementor-widget-wrap elementor-element-populated\">\n\t\t\t\t\t\t<div data-animation-type=\"block\" class=\"elementor-element elementor-element-49a8e4a animation_type_block sc_fly_static elementor-invisible elementor-widget elementor-widget-trx_sc_title\" data-id=\"49a8e4a\" data-element_type=\"widget\" data-settings=\"{&quot;_animation&quot;:&quot;reboot-fadeinup&quot;}\" data-widget_type=\"trx_sc_title.default\">\n\t\t\t\t<div class=\"elementor-widget-container\">\n\t\t\t\t\t<div\t\tclass=\"sc_title sc_title_default\" ><h1 class=\"sc_item_title sc_title_title sc_item_title_style_default sc_item_title_tag\"\n\t\t\t><span class=\"sc_item_title_text\">Kursy szycia i kroju \u2013 nauka praktyczna dla ka\u017cdego<\/span><\/h1><div class=\"sc_item_descr sc_title_descr\"><p><b>Organizujemy kursy szycia i kroju, kt\u00f3re pozwalaj\u0105 zdoby\u0107 praktyczne umiej\u0119tno\u015bci w przyjaznej i profesjonalnej atmosferze. Nasze szkolenia skierowane s\u0105 do os\u00f3b doros\u0142ych, zar\u00f3wno pocz\u0105tkuj\u0105cych, jak i tych, kt\u00f3re chc\u0105 rozwin\u0105\u0107 swoje umiej\u0119tno\u015bci krawieckie. <\/b><br \/><br>Stawiamy na nauk\u0119 przez praktyk\u0119 \u2013 ka\u017cdy uczestnik ko\u0144czy kurs z w\u0142asnym, uszytym projektem.<br \/>\nPodczas warsztat\u00f3w uczymy podstaw BHP w pracowni, obs\u0142ugi maszyn typu stebn\u00f3wka i overlock, a tak\u017ce omawiamy rodzaje tkanin, dodatk\u00f3w i pasmanterii. Kursanci pracuj\u0105 z gotowymi formami odzie\u017cy, poznaj\u0105c konstrukcj\u0119 i techniki szycia, kt\u00f3re stosujemy w naszej produkcji. Dzi\u0119ki temu zdobywaj\u0105 wiedz\u0119 praktyczn\u0105, kt\u00f3r\u0105 mog\u0105 wykorzysta\u0107 zar\u00f3wno w pracy, jak i przy w\u0142asnych projektach.<br \/>\nSzkolenia maj\u0105 form\u0119 kameralnych warsztat\u00f3w stacjonarnych, a terminy dostosowujemy do uczestnik\u00f3w \u2013 popo\u0142udniami w tygodniu lub w soboty. Zapewniamy materia\u0142y, narz\u0119dzia oraz wsparcie instruktora na ka\u017cdym etapie pracy. Je\u015bli chcesz nauczy\u0107 si\u0119 szycia w praktyczny i profesjonalny spos\u00f3b \u2013 nasze kursy w WRIKT s\u0105 stworzone w\u0142a\u015bnie dla Ciebie.<\/p>\n<\/div><\/div>\t\t\t\t<\/div>\n\t\t\t\t<\/div>\n\t\t\t\t\t<\/div>\n\t\t<\/div>\n\t\t\t\t<div class=\"elementor-column elementor-col-50 elementor-top-column elementor-element elementor-element-082a820 sc_content_align_inherit sc_layouts_column_icons_position_left sc_fly_static\" data-id=\"082a820\" data-element_type=\"column\">\n\t\t\t<div class=\"elementor-widget-wrap elementor-element-populated\">\n\t\t\t\t\t\t<div class=\"elementor-element elementor-element-30e9dd0 sc_fly_static elementor-widget elementor-widget-image\" data-id=\"30e9dd0\" data-element_type=\"widget\" data-widget_type=\"image.default\">\n\t\t\t\t<div class=\"elementor-widget-container\">\n\t\t\t\t\t\t\t\t\t\t\t\t\t\t\t<img fetchpriority=\"high\" decoding=\"async\" width=\"728\" height=\"948\" src=\"https:\/\/wrikt.pl\/wp-content\/uploads\/2025\/11\/ro.webp\" class=\"attachment-large size-large wp-image-75408\" alt=\"\" srcset=\"https:\/\/wrikt.pl\/wp-content\/uploads\/2025\/11\/ro.webp 728w, https:\/\/wrikt.pl\/wp-content\/uploads\/2025\/11\/ro-230x300.webp 230w, https:\/\/wrikt.pl\/wp-content\/uploads\/2025\/11\/ro-370x482.webp 370w, https:\/\/wrikt.pl\/wp-content\/uploads\/2025\/11\/ro-410x534.webp 410w\" sizes=\"(max-width: 728px) 100vw, 728px\" \/>\t\t\t\t\t\t\t\t\t\t\t\t\t\t\t<\/div>\n\t\t\t\t<\/div>\n\t\t\t\t\t<\/div>\n\t\t<\/div>\n\t\t\t\t\t<\/div>\n\t\t<\/section>\n\t\t\t\t<section class=\"elementor-section elementor-top-section elementor-element elementor-element-a79f355 elementor-section-full_width elementor-section-height-default elementor-section-height-default sc_fly_static\" data-id=\"a79f355\" data-element_type=\"section\">\n\t\t\t\t\t\t<div class=\"elementor-container elementor-column-gap-no\">\n\t\t\t\t\t<div class=\"elementor-column elementor-col-100 elementor-top-column elementor-element elementor-element-817f70e sc_content_align_inherit sc_layouts_column_icons_position_left sc_fly_static\" data-id=\"817f70e\" data-element_type=\"column\">\n\t\t\t<div class=\"elementor-widget-wrap elementor-element-populated\">\n\t\t\t\t\t\t<div class=\"elementor-element elementor-element-6153b66 sc_fly_static elementor-widget elementor-widget-spacer\" data-id=\"6153b66\" data-element_type=\"widget\" data-widget_type=\"spacer.default\">\n\t\t\t\t<div class=\"elementor-widget-container\">\n\t\t\t\t\t\t\t<div class=\"elementor-spacer\">\n\t\t\t<div class=\"elementor-spacer-inner\"><\/div>\n\t\t<\/div>\n\t\t\t\t\t\t<\/div>\n\t\t\t\t<\/div>\n\t\t\t\t<section class=\"elementor-section elementor-inner-section elementor-element elementor-element-68c1fa4 elementor-section-boxed elementor-section-height-default elementor-section-height-default sc_fly_static\" data-id=\"68c1fa4\" data-element_type=\"section\">\n\t\t\t\t\t\t<div class=\"elementor-container elementor-column-gap-extended\">\n\t\t\t\t\t<div class=\"elementor-column elementor-col-100 elementor-inner-column elementor-element elementor-element-4d4a991 sc_layouts_column_align_center sc_layouts_column sc_content_align_inherit sc_layouts_column_icons_position_left sc_fly_static\" data-id=\"4d4a991\" data-element_type=\"column\">\n\t\t\t<div class=\"elementor-widget-wrap elementor-element-populated\">\n\t\t\t\t\t\t<div class=\"elementor-element elementor-element-9f2e937 sc_fly_static elementor-widget elementor-widget-trx_sc_title\" data-id=\"9f2e937\" data-element_type=\"widget\" data-widget_type=\"trx_sc_title.default\">\n\t\t\t\t<div class=\"elementor-widget-container\">\n\t\t\t\t\t<div\t\tclass=\"sc_title sc_title_default\" ><h1 class=\"sc_item_title sc_title_title sc_item_title_style_default sc_item_title_tag\"\n\t\t\t><span class=\"sc_item_title_text\">Skontaktuj si\u0119\u00a0z nami<\/span><\/h1><div class=\"sc_item_descr sc_title_descr\"><p>Masz pytania dotycz\u0105ce naszej oferty, potrzebujesz wyceny lub chcesz z\u0142o\u017cy\u0107 zam\u00f3wienie indywidualne?<\/p>\n<p>Skontaktuj si\u0119 z nami \u2013 z przyjemno\u015bci\u0105 doradzimy i pomo\u017cemy dobra\u0107 rozwi\u0105zania dopasowane do Twoich potrzeb. Jeste\u015bmy dost\u0119pni telefonicznie, mailowo oraz w naszych kana\u0142ach social media, a w siedzibie w Sosnowcu zawsze czeka na Ciebie fachowa pomoc.<\/p>\n<\/div><\/div>\t\t\t\t<\/div>\n\t\t\t\t<\/div>\n\t\t\t\t<div class=\"elementor-element elementor-element-08a5ffb sc_height_small sc_fly_static elementor-widget elementor-widget-spacer\" data-id=\"08a5ffb\" data-element_type=\"widget\" data-widget_type=\"spacer.default\">\n\t\t\t\t<div class=\"elementor-widget-container\">\n\t\t\t\t\t\t\t<div class=\"elementor-spacer\">\n\t\t\t<div class=\"elementor-spacer-inner\"><\/div>\n\t\t<\/div>\n\t\t\t\t\t\t<\/div>\n\t\t\t\t<\/div>\n\t\t\t\t\t<\/div>\n\t\t<\/div>\n\t\t\t\t\t<\/div>\n\t\t<\/section>\n\t\t\t\t<div class=\"elementor-element elementor-element-1a02271 style-switcher-tabs sc_fly_static elementor-widget elementor-widget-trx_sc_switcher\" data-id=\"1a02271\" data-element_type=\"widget\" data-widget_type=\"trx_sc_switcher.default\">\n\t\t\t\t<div class=\"elementor-widget-container\">\n\t\t\t\t\t<div \t\tclass=\"sc_switcher sc_switcher_tabs sc_switcher_effect_fade\" ><div class=\"sc_switcher_content sc_item_content\" >\n\t\t\t<div class=\"sc_switcher_tabs_controls\"><div class=\"sc_switcher_tab sc_switcher_tab_active\" data-tab=\"1\">\n\t\t\t\t\t\t<h5><span style=\"color: #A5A6AA\"><\/span>Zadzwo\u0144 do nas<\/h5>zadzwo\u0144 do nas je\u017celi masz pytania lub potrzebujesz indywidualnej wyceny<h6>573 160 762<\/h6>\t\t\t\t\t\t<a href=\"#\" role=\"button\" class=\"sc_switcher_tab_link\"><\/a>\n\t\t\t\t\t<\/div><div class=\"sc_switcher_tab\" data-tab=\"2\">\n\t\t\t\t\t\t<h5><span style=\"color: #A5A6AA\"><\/span>Napisz do nas<\/h5>napisz do nas prywatn\u0105 wiadomo\u015b\u0107 e-mail<h6>biurowrikt@gmail.com<\/h6>\t\t\t\t\t\t<a href=\"#\" role=\"button\" class=\"sc_switcher_tab_link\"><\/a>\n\t\t\t\t\t<\/div><div class=\"sc_switcher_tab\" data-tab=\"3\">\n\t\t\t\t\t\t<h5><span style=\"color: #a5a6aa\"><\/span>Odwied\u017a nas<\/h5>w siedzibie naszej firmy i szwalni przy ulicy Wygoda 10A, 41-208<h6>Sosnowiec<\/h6>\t\t\t\t\t\t<a href=\"#\" role=\"button\" class=\"sc_switcher_tab_link\"><\/a>\n\t\t\t\t\t<\/div><div class=\"sc_switcher_tab\" data-tab=\"4\">\n\t\t\t\t\t\t<h5><span style=\"color: #a5a6aa\"><\/span>Social-media<\/h5>zobacz nasze produkty i nasz\u0105 prac\u0119 w mediach spo\u0142eczno\u015bciowych<h6>Instagram @WRIKT<\/h6>\t\t\t\t\t\t<a href=\"#\" role=\"button\" class=\"sc_switcher_tab_link\"><\/a>\n\t\t\t\t\t<\/div><\/div>\n\t\t\t<div class=\"sc_switcher_sections\" >\n\t\t\t\t<div class=\"sc_switcher_slider sc_switcher_slider_4\">\n\t\t\t\t\t<div class=\"sc_switcher_section sc_switcher_section_active\">\n\t\t\t\t\t\t\t\t\t\t\t\t\t<\/div>\n\t\t\t\t\t\t<div class=\"sc_switcher_section\" data-section=\"map-2\">\n\t\t\t\t\t\t\t\t\t\t\t\t\t<\/div>\n\t\t\t\t\t\t<div class=\"sc_switcher_section\" data-section=\"map-3\">\n\t\t\t\t\t\t\t\t\t\t\t\t\t<\/div>\n\t\t\t\t\t\t<div class=\"sc_switcher_section\" data-section=\"map-4\">\n\t\t\t\t\t\t\t\t\t\t\t\t\t<\/div>\n\t\t\t\t\t\t\t\t\t\t<\/div>\n\t\t\t<\/div>\n\t\t<\/div><\/div>\t\t\t\t<\/div>\n\t\t\t\t<\/div>\n\t\t\t\t\t<\/div>\n\t\t<\/div>\n\t\t\t\t\t<\/div>\n\t\t<\/section>\n\t\t\t\t<section class=\"elementor-section elementor-top-section elementor-element elementor-element-1bf875a elementor-section-full_width elementor-section-height-default elementor-section-height-default sc_fly_static\" data-id=\"1bf875a\" data-element_type=\"section\" id=\"map-1\">\n\t\t\t\t\t\t<div class=\"elementor-container elementor-column-gap-extended\">\n\t\t\t\t\t<div class=\"elementor-column elementor-col-100 elementor-top-column elementor-element elementor-element-e31f5f1 sc_content_align_inherit sc_layouts_column_icons_position_left sc_fly_static\" data-id=\"e31f5f1\" data-element_type=\"column\">\n\t\t\t<div class=\"elementor-widget-wrap elementor-element-populated\">\n\t\t\t\t\t\t<div class=\"elementor-element elementor-element-e39e783 sc_fly_static elementor-widget elementor-widget-spacer\" data-id=\"e39e783\" data-element_type=\"widget\" data-widget_type=\"spacer.default\">\n\t\t\t\t<div class=\"elementor-widget-container\">\n\t\t\t\t\t\t\t<div class=\"elementor-spacer\">\n\t\t\t<div class=\"elementor-spacer-inner\"><\/div>\n\t\t<\/div>\n\t\t\t\t\t\t<\/div>\n\t\t\t\t<\/div>\n\t\t\t\t<div class=\"elementor-element elementor-element-15ce9c2 scheme_dark sc_fly_static elementor-widget elementor-widget-trx_sc_googlemap\" data-id=\"15ce9c2\" data-element_type=\"widget\" data-widget_type=\"trx_sc_googlemap.default\">\n\t\t\t\t<div class=\"elementor-widget-container\">\n\t\t\t\t\t<div id=\"sc_googlemap_571580214_wrap\" class=\"sc_googlemap_wrap\"><div id=\"sc_googlemap_571580214\"\t\t\tclass=\"sc_item_content sc_map sc_googlemap sc_googlemap_default trx_addons_inline_2006363192\"\n\t\t\t \t\t\tdata-zoom=\"11\"\n\t\t\tdata-center=\"\"\n\t\t\tdata-style=\"default\"\n\t\t\tdata-map-id=\"\"\n\t\t\tdata-cluster-icon=\"\"\n\t\t\t><iframe\n\t\t\t\t\t\tsrc=\"https:\/\/maps.google.com\/maps?t=m&output=embed&iwloc=near&z=11&q=Wygoda+10A%2C+41-208+Sosnowiec%2C+Poland\"\n\t\t\t\t\t\taria-label=\"\"><\/iframe><\/div><\/div>\t\t\t\t<\/div>\n\t\t\t\t<\/div>\n\t\t\t\t\t<\/div>\n\t\t<\/div>\n\t\t\t\t\t<\/div>\n\t\t<\/section>\n\t\t\t\t<section class=\"elementor-section elementor-top-section elementor-element elementor-element-ccb96d8 elementor-section-full_width scheme_dark elementor-section-height-default elementor-section-height-default sc_fly_static\" data-id=\"ccb96d8\" data-element_type=\"section\" data-settings=\"{&quot;background_background&quot;:&quot;classic&quot;}\">\n\t\t\t\t\t\t<div class=\"elementor-container elementor-column-gap-no\">\n\t\t\t\t\t<div class=\"elementor-column elementor-col-100 elementor-top-column elementor-element elementor-element-9a56b70 sc_content_align_inherit sc_layouts_column_icons_position_left sc_fly_static\" data-id=\"9a56b70\" data-element_type=\"column\">\n\t\t\t<div class=\"elementor-widget-wrap elementor-element-populated\">\n\t\t\t\t\t\t<div class=\"elementor-element elementor-element-06267ea sc_fly_static elementor-widget elementor-widget-spacer\" data-id=\"06267ea\" data-element_type=\"widget\" data-widget_type=\"spacer.default\">\n\t\t\t\t<div class=\"elementor-widget-container\">\n\t\t\t\t\t\t\t<div class=\"elementor-spacer\">\n\t\t\t<div class=\"elementor-spacer-inner\"><\/div>\n\t\t<\/div>\n\t\t\t\t\t\t<\/div>\n\t\t\t\t<\/div>\n\t\t\t\t<section class=\"elementor-section elementor-inner-section elementor-element elementor-element-acf9f26 elementor-section-boxed elementor-section-height-default elementor-section-height-default sc_fly_static\" data-id=\"acf9f26\" data-element_type=\"section\">\n\t\t\t\t\t\t<div class=\"elementor-container elementor-column-gap-extended\">\n\t\t\t\t\t<div class=\"elementor-column elementor-col-25 elementor-inner-column elementor-element elementor-element-82cebc5 sc_content_align_inherit sc_layouts_column_icons_position_left sc_fly_static\" data-id=\"82cebc5\" data-element_type=\"column\">\n\t\t\t<div class=\"elementor-widget-wrap elementor-element-populated\">\n\t\t\t\t\t\t<div class=\"elementor-element elementor-element-390d5c2 elementor-position-left elementor-mobile-position-left elementor-view-default sc_fly_static elementor-widget elementor-widget-icon-box\" data-id=\"390d5c2\" data-element_type=\"widget\" data-widget_type=\"icon-box.default\">\n\t\t\t\t<div class=\"elementor-widget-container\">\n\t\t\t\t\t\t\t<div class=\"elementor-icon-box-wrapper\">\n\n\t\t\t\t\t\t<div class=\"elementor-icon-box-icon\">\n\t\t\t\t<span  class=\"elementor-icon\">\n\t\t\t\t\t\t\t\t<\/span>\n\t\t\t<\/div>\n\t\t\t\n\t\t\t\t\t\t<div class=\"elementor-icon-box-content\">\n\n\t\t\t\t\t\t\t\t\t<h6 class=\"elementor-icon-box-title\">\n\t\t\t\t\t\t<span  >\n\t\t\t\t\t\t\tR\u0119czna manufaktura\t\t\t\t\t\t<\/span>\n\t\t\t\t\t<\/h6>\n\t\t\t\t\n\t\t\t\t\t\t\t\t\t<p class=\"elementor-icon-box-description\">\n\t\t\t\t\t\tDzia\u0142amy od ponad 40 lat\t\t\t\t\t<\/p>\n\t\t\t\t\n\t\t\t<\/div>\n\t\t\t\n\t\t<\/div>\n\t\t\t\t\t\t<\/div>\n\t\t\t\t<\/div>\n\t\t\t\t\t<\/div>\n\t\t<\/div>\n\t\t\t\t<div class=\"elementor-column elementor-col-25 elementor-inner-column elementor-element elementor-element-f0bfd29 sc_content_align_inherit sc_layouts_column_icons_position_left sc_fly_static\" data-id=\"f0bfd29\" data-element_type=\"column\">\n\t\t\t<div class=\"elementor-widget-wrap elementor-element-populated\">\n\t\t\t\t\t\t<div class=\"elementor-element elementor-element-6543ed5 elementor-position-left elementor-mobile-position-left elementor-view-default sc_fly_static elementor-widget elementor-widget-icon-box\" data-id=\"6543ed5\" data-element_type=\"widget\" data-widget_type=\"icon-box.default\">\n\t\t\t\t<div class=\"elementor-widget-container\">\n\t\t\t\t\t\t\t<div class=\"elementor-icon-box-wrapper\">\n\n\t\t\t\t\t\t<div class=\"elementor-icon-box-icon\">\n\t\t\t\t<span  class=\"elementor-icon\">\n\t\t\t\t\t\t\t\t<\/span>\n\t\t\t<\/div>\n\t\t\t\n\t\t\t\t\t\t<div class=\"elementor-icon-box-content\">\n\n\t\t\t\t\t\t\t\t\t<h6 class=\"elementor-icon-box-title\">\n\t\t\t\t\t\t<span  >\n\t\t\t\t\t\t\tSzybka dostawa\t\t\t\t\t\t<\/span>\n\t\t\t\t\t<\/h6>\n\t\t\t\t\n\t\t\t\t\t\t\t\t\t<p class=\"elementor-icon-box-description\">\n\t\t\t\t\t\tKurierem lub odbi\u00f3r osobisty\t\t\t\t\t<\/p>\n\t\t\t\t\n\t\t\t<\/div>\n\t\t\t\n\t\t<\/div>\n\t\t\t\t\t\t<\/div>\n\t\t\t\t<\/div>\n\t\t\t\t\t<\/div>\n\t\t<\/div>\n\t\t\t\t<div class=\"elementor-column elementor-col-25 elementor-inner-column elementor-element elementor-element-dbce2a9 sc_content_align_inherit sc_layouts_column_icons_position_left sc_fly_static\" data-id=\"dbce2a9\" data-element_type=\"column\">\n\t\t\t<div class=\"elementor-widget-wrap elementor-element-populated\">\n\t\t\t\t\t\t<div class=\"elementor-element elementor-element-a2ab683 elementor-position-left elementor-mobile-position-left elementor-view-default sc_fly_static elementor-widget elementor-widget-icon-box\" data-id=\"a2ab683\" data-element_type=\"widget\" data-widget_type=\"icon-box.default\">\n\t\t\t\t<div class=\"elementor-widget-container\">\n\t\t\t\t\t\t\t<div class=\"elementor-icon-box-wrapper\">\n\n\t\t\t\t\t\t<div class=\"elementor-icon-box-icon\">\n\t\t\t\t<span  class=\"elementor-icon\">\n\t\t\t\t\t\t\t\t<\/span>\n\t\t\t<\/div>\n\t\t\t\n\t\t\t\t\t\t<div class=\"elementor-icon-box-content\">\n\n\t\t\t\t\t\t\t\t\t<h6 class=\"elementor-icon-box-title\">\n\t\t\t\t\t\t<span  >\n\t\t\t\t\t\t\tOchrona kupuj\u0105cego\t\t\t\t\t\t<\/span>\n\t\t\t\t\t<\/h6>\n\t\t\t\t\n\t\t\t\t\t\t\t\t\t<p class=\"elementor-icon-box-description\">\n\t\t\t\t\t\tMo\u017cliwo\u015b\u0107 zwrotu do 14 dni\t\t\t\t\t<\/p>\n\t\t\t\t\n\t\t\t<\/div>\n\t\t\t\n\t\t<\/div>\n\t\t\t\t\t\t<\/div>\n\t\t\t\t<\/div>\n\t\t\t\t\t<\/div>\n\t\t<\/div>\n\t\t\t\t<div class=\"elementor-column elementor-col-25 elementor-inner-column elementor-element elementor-element-be9cf38 sc_content_align_inherit sc_layouts_column_icons_position_left sc_fly_static\" data-id=\"be9cf38\" data-element_type=\"column\">\n\t\t\t<div class=\"elementor-widget-wrap elementor-element-populated\">\n\t\t\t\t\t\t<div class=\"elementor-element elementor-element-015c563 elementor-position-left elementor-mobile-position-left elementor-view-default sc_fly_static elementor-widget elementor-widget-icon-box\" data-id=\"015c563\" data-element_type=\"widget\" data-widget_type=\"icon-box.default\">\n\t\t\t\t<div class=\"elementor-widget-container\">\n\t\t\t\t\t\t\t<div class=\"elementor-icon-box-wrapper\">\n\n\t\t\t\t\t\t<div class=\"elementor-icon-box-icon\">\n\t\t\t\t<span  class=\"elementor-icon\">\n\t\t\t\t\t\t\t\t<\/span>\n\t\t\t<\/div>\n\t\t\t\n\t\t\t\t\t\t<div class=\"elementor-icon-box-content\">\n\n\t\t\t\t\t\t\t\t\t<h6 class=\"elementor-icon-box-title\">\n\t\t\t\t\t\t<span  >\n\t\t\t\t\t\t\tPotwierdzona jako\u015b\u0107\t\t\t\t\t\t<\/span>\n\t\t\t\t\t<\/h6>\n\t\t\t\t\n\t\t\t\t\t\t\t\t\t<p class=\"elementor-icon-box-description\">\n\t\t\t\t\t\tNiezawodna jako\u015b\u0107 produkt\u00f3w\t\t\t\t\t<\/p>\n\t\t\t\t\n\t\t\t<\/div>\n\t\t\t\n\t\t<\/div>\n\t\t\t\t\t\t<\/div>\n\t\t\t\t<\/div>\n\t\t\t\t\t<\/div>\n\t\t<\/div>\n\t\t\t\t\t<\/div>\n\t\t<\/section>\n\t\t\t\t<div class=\"elementor-element elementor-element-535b2bd sc_fly_static elementor-widget elementor-widget-spacer\" data-id=\"535b2bd\" data-element_type=\"widget\" data-widget_type=\"spacer.default\">\n\t\t\t\t<div class=\"elementor-widget-container\">\n\t\t\t\t\t\t\t<div class=\"elementor-spacer\">\n\t\t\t<div class=\"elementor-spacer-inner\"><\/div>\n\t\t<\/div>\n\t\t\t\t\t\t<\/div>\n\t\t\t\t<\/div>\n\t\t\t\t\t<\/div>\n\t\t<\/div>\n\t\t\t\t\t<\/div>\n\t\t<\/section>\n\t\t\t\t<\/div>","protected":false},"excerpt":{"rendered":"<p>Kursy szycia i kroju \u2013 nauka praktyczna dla ka\u017cdego Organizujemy kursy szycia i kroju, kt\u00f3re&hellip;<\/p>","protected":false},"author":1,"featured_media":0,"parent":0,"menu_order":0,"comment_status":"closed","ping_status":"closed","template":"","meta":{"footnotes":""},"class_list":["post-75622","page","type-page","status-publish","hentry"],"yoast_head":"<!-- This site is optimized with the Yoast SEO plugin v26.4 - https:\/\/yoast.com\/wordpress\/plugins\/seo\/ -->\n<title>Kursy szycia - WRIKT<\/title>\n<meta name=\"robots\" content=\"index, follow, max-snippet:-1, max-image-preview:large, max-video-preview:-1\" \/>\n<link rel=\"canonical\" href=\"https:\/\/wrikt.pl\/en\/kursy-szycia\/\" \/>\n<meta property=\"og:locale\" content=\"en_GB\" \/>\n<meta property=\"og:type\" content=\"article\" \/>\n<meta property=\"og:title\" content=\"Kursy szycia - WRIKT\" \/>\n<meta property=\"og:description\" content=\"Kursy szycia i kroju \u2013 nauka praktyczna dla ka\u017cdego Organizujemy kursy szycia i kroju, kt\u00f3re&hellip;\" \/>\n<meta property=\"og:url\" content=\"https:\/\/wrikt.pl\/en\/kursy-szycia\/\" \/>\n<meta property=\"og:site_name\" content=\"WRIKT\" \/>\n<meta property=\"article:modified_time\" content=\"2026-03-24T08:18:13+00:00\" \/>\n<meta property=\"og:image\" content=\"https:\/\/wrikt.pl\/wp-content\/uploads\/2025\/11\/ro.webp\" \/>\n\t<meta property=\"og:image:width\" content=\"728\" \/>\n\t<meta property=\"og:image:height\" content=\"948\" \/>\n\t<meta property=\"og:image:type\" content=\"image\/webp\" \/>\n<meta name=\"twitter:card\" content=\"summary_large_image\" \/>\n<script type=\"application\/ld+json\" class=\"yoast-schema-graph\">{\"@context\":\"https:\/\/schema.org\",\"@graph\":[{\"@type\":\"WebPage\",\"@id\":\"https:\/\/wrikt.pl\/kursy-szycia\/\",\"url\":\"https:\/\/wrikt.pl\/kursy-szycia\/\",\"name\":\"Kursy szycia - WRIKT\",\"isPartOf\":{\"@id\":\"https:\/\/wrikt.pl\/#website\"},\"primaryImageOfPage\":{\"@id\":\"https:\/\/wrikt.pl\/kursy-szycia\/#primaryimage\"},\"image\":{\"@id\":\"https:\/\/wrikt.pl\/kursy-szycia\/#primaryimage\"},\"thumbnailUrl\":\"https:\/\/wrikt.pl\/wp-content\/uploads\/2025\/11\/ro.webp\",\"datePublished\":\"2025-11-27T17:51:20+00:00\",\"dateModified\":\"2026-03-24T08:18:13+00:00\",\"breadcrumb\":{\"@id\":\"https:\/\/wrikt.pl\/kursy-szycia\/#breadcrumb\"},\"inLanguage\":\"en-GB\",\"potentialAction\":[{\"@type\":\"ReadAction\",\"target\":[\"https:\/\/wrikt.pl\/kursy-szycia\/\"]}]},{\"@type\":\"ImageObject\",\"inLanguage\":\"en-GB\",\"@id\":\"https:\/\/wrikt.pl\/kursy-szycia\/#primaryimage\",\"url\":\"https:\/\/wrikt.pl\/wp-content\/uploads\/2025\/11\/ro.webp\",\"contentUrl\":\"https:\/\/wrikt.pl\/wp-content\/uploads\/2025\/11\/ro.webp\"},{\"@type\":\"BreadcrumbList\",\"@id\":\"https:\/\/wrikt.pl\/kursy-szycia\/#breadcrumb\",\"itemListElement\":[{\"@type\":\"ListItem\",\"position\":1,\"name\":\"Home\",\"item\":\"https:\/\/wrikt.pl\/\"},{\"@type\":\"ListItem\",\"position\":2,\"name\":\"Kursy szycia\"}]},{\"@type\":\"WebSite\",\"@id\":\"https:\/\/wrikt.pl\/#website\",\"url\":\"https:\/\/wrikt.pl\/\",\"name\":\"WRIKT\",\"description\":\"Odzie\u017c Robocza dla Pracownik\u00f3w, Robotnik\u00f3w, Medyk\u00f3w i Gastronomii\",\"potentialAction\":[{\"@type\":\"SearchAction\",\"target\":{\"@type\":\"EntryPoint\",\"urlTemplate\":\"https:\/\/wrikt.pl\/?s={search_term_string}\"},\"query-input\":{\"@type\":\"PropertyValueSpecification\",\"valueRequired\":true,\"valueName\":\"search_term_string\"}}],\"inLanguage\":\"en-GB\"}]}<\/script>\n<!-- \/ Yoast SEO plugin. -->","yoast_head_json":{"title":"Kursy szycia - WRIKT","robots":{"index":"index","follow":"follow","max-snippet":"max-snippet:-1","max-image-preview":"max-image-preview:large","max-video-preview":"max-video-preview:-1"},"canonical":"https:\/\/wrikt.pl\/en\/kursy-szycia\/","og_locale":"en_GB","og_type":"article","og_title":"Kursy szycia - WRIKT","og_description":"Kursy szycia i kroju \u2013 nauka praktyczna dla ka\u017cdego Organizujemy kursy szycia i kroju, kt\u00f3re&hellip;","og_url":"https:\/\/wrikt.pl\/en\/kursy-szycia\/","og_site_name":"WRIKT","article_modified_time":"2026-03-24T08:18:13+00:00","og_image":[{"width":728,"height":948,"url":"https:\/\/wrikt.pl\/wp-content\/uploads\/2025\/11\/ro.webp","type":"image\/webp"}],"twitter_card":"summary_large_image","schema":{"@context":"https:\/\/schema.org","@graph":[{"@type":"WebPage","@id":"https:\/\/wrikt.pl\/kursy-szycia\/","url":"https:\/\/wrikt.pl\/kursy-szycia\/","name":"Kursy szycia - WRIKT","isPartOf":{"@id":"https:\/\/wrikt.pl\/#website"},"primaryImageOfPage":{"@id":"https:\/\/wrikt.pl\/kursy-szycia\/#primaryimage"},"image":{"@id":"https:\/\/wrikt.pl\/kursy-szycia\/#primaryimage"},"thumbnailUrl":"https:\/\/wrikt.pl\/wp-content\/uploads\/2025\/11\/ro.webp","datePublished":"2025-11-27T17:51:20+00:00","dateModified":"2026-03-24T08:18:13+00:00","breadcrumb":{"@id":"https:\/\/wrikt.pl\/kursy-szycia\/#breadcrumb"},"inLanguage":"en-GB","potentialAction":[{"@type":"ReadAction","target":["https:\/\/wrikt.pl\/kursy-szycia\/"]}]},{"@type":"ImageObject","inLanguage":"en-GB","@id":"https:\/\/wrikt.pl\/kursy-szycia\/#primaryimage","url":"https:\/\/wrikt.pl\/wp-content\/uploads\/2025\/11\/ro.webp","contentUrl":"https:\/\/wrikt.pl\/wp-content\/uploads\/2025\/11\/ro.webp"},{"@type":"BreadcrumbList","@id":"https:\/\/wrikt.pl\/kursy-szycia\/#breadcrumb","itemListElement":[{"@type":"ListItem","position":1,"name":"Home","item":"https:\/\/wrikt.pl\/"},{"@type":"ListItem","position":2,"name":"Kursy szycia"}]},{"@type":"WebSite","@id":"https:\/\/wrikt.pl\/#website","url":"https:\/\/wrikt.pl\/","name":"WRIKT","description":"Odzie\u017c Robocza dla Pracownik\u00f3w, Robotnik\u00f3w, Medyk\u00f3w i Gastronomii","potentialAction":[{"@type":"SearchAction","target":{"@type":"EntryPoint","urlTemplate":"https:\/\/wrikt.pl\/?s={search_term_string}"},"query-input":{"@type":"PropertyValueSpecification","valueRequired":true,"valueName":"search_term_string"}}],"inLanguage":"en-GB"}]}},"_hostinger_reach_plugin_has_subscription_block":false,"_hostinger_reach_plugin_is_elementor":false,"_links":{"self":[{"href":"https:\/\/wrikt.pl\/en\/wp-json\/wp\/v2\/pages\/75622","targetHints":{"allow":["GET"]}}],"collection":[{"href":"https:\/\/wrikt.pl\/en\/wp-json\/wp\/v2\/pages"}],"about":[{"href":"https:\/\/wrikt.pl\/en\/wp-json\/wp\/v2\/types\/page"}],"author":[{"embeddable":true,"href":"https:\/\/wrikt.pl\/en\/wp-json\/wp\/v2\/users\/1"}],"replies":[{"embeddable":true,"href":"https:\/\/wrikt.pl\/en\/wp-json\/wp\/v2\/comments?post=75622"}],"version-history":[{"count":7,"href":"https:\/\/wrikt.pl\/en\/wp-json\/wp\/v2\/pages\/75622\/revisions"}],"predecessor-version":[{"id":75994,"href":"https:\/\/wrikt.pl\/en\/wp-json\/wp\/v2\/pages\/75622\/revisions\/75994"}],"wp:attachment":[{"href":"https:\/\/wrikt.pl\/en\/wp-json\/wp\/v2\/media?parent=75622"}],"curies":[{"name":"wp","href":"https:\/\/api.w.org\/{rel}","templated":true}]}}