{"id":75647,"date":"2025-12-15T18:25:10","date_gmt":"2025-12-15T18:25:10","guid":{"rendered":"https:\/\/wrikt.pl\/?post_type=product&#038;p=75647"},"modified":"2025-12-15T18:25:30","modified_gmt":"2025-12-15T18:25:30","slug":"kurtka-robocza-antystatyczna","status":"publish","type":"product","link":"https:\/\/wrikt.pl\/en\/product\/kurtka-robocza-antystatyczna\/","title":{"rendered":"Kurtka robocza antystatyczna"},"content":{"rendered":"<p data-start=\"335\" data-end=\"707\">Kurtka antystatyczna robocza WRIKT zosta\u0142a zaprojektowana z my\u015bl\u0105 o pracy w \u015brodowiskach wymagaj\u0105cych skutecznej ochrony przed wy\u0142adowaniami elektrostatycznymi oraz wysokiego komfortu u\u017cytkowania. Wykonana z wysokiej jako\u015bci materia\u0142\u00f3w antystatycznych, skutecznie ogranicza gromadzenie si\u0119 \u0142adunk\u00f3w elektrostatycznych, zwi\u0119kszaj\u0105c bezpiecze\u0144stwo u\u017cytkownika podczas pracy.<\/p>\n<p data-start=\"709\" data-end=\"1086\">Solidna konstrukcja oraz precyzyjne wykonanie gwarantuj\u0105 trwa\u0142o\u015b\u0107 i odporno\u015b\u0107 na intensywne u\u017cytkowanie w warunkach przemys\u0142owych. Kurtka zapewnia swobod\u0119 ruch\u00f3w, dobre dopasowanie do sylwetki oraz funkcjonalno\u015b\u0107 niezb\u0119dn\u0105 w codziennej pracy. Sprawdzi si\u0119 w bran\u017cach takich jak przemys\u0142, produkcja, elektronika, energetyka czy strefy zagro\u017cone wy\u0142adowaniami elektrostatycznymi.<\/p>\n<p data-start=\"1088\" data-end=\"1225\">Kurtka antystatyczna WRIKT to po\u0142\u0105czenie ochrony, wygody i jako\u015bci wykonania, spe\u0142niaj\u0105ce wysokie standardy odzie\u017cy roboczej i ochronnej.<\/p>\n<hr data-start=\"1227\" data-end=\"1230\" \/>\n<h2 data-start=\"1232\" data-end=\"1248\">O marce WRIKT<\/h2>\n<p data-start=\"1250\" data-end=\"1539\">WRIKT to polska, rodzinna marka z ponad 40-letni\u0105 tradycj\u0105, kt\u00f3rej pocz\u0105tki si\u0119gaj\u0105 produkcji r\u0119kawic dla przemys\u0142u. Dawna nazwa przedsi\u0119biorstwa \u2013 <strong data-start=\"1398\" data-end=\"1439\">Wyr\u00f3b R\u0119kawic i Konfekcji Technicznej<\/strong> \u2013 doskonale oddaje fundamenty dzia\u0142alno\u015bci, oparte na rzemio\u015ble, jako\u015bci i specjalistycznej wiedzy.<\/p>\n<p data-start=\"1541\" data-end=\"1838\">Na przestrzeni lat oferta marki zosta\u0142a znacz\u0105co rozwini\u0119ta i dzi\u015b obejmuje szeroki asortyment odzie\u017cy roboczej, ochronnej i specjalistycznej, w tym odzie\u017c trudnopaln\u0105, kwasoochronn\u0105, antystatyczn\u0105 oraz multiochronn\u0105. WRIKT oferuje r\u00f3wnie\u017c r\u0119kawice, artyku\u0142y BHP, odzie\u017c medyczn\u0105 i gastronomiczn\u0105.<\/p>\n<p data-start=\"1840\" data-end=\"2346\">Firma \u0142\u0105czy tradycyjne rzemios\u0142o z nowoczesnym podej\u015bciem do produkcji, dbaj\u0105c o precyzj\u0119 wykonania, wysok\u0105 jako\u015b\u0107 materia\u0142\u00f3w oraz pe\u0142ne dopasowanie wyrob\u00f3w do potrzeb klient\u00f3w. Uzupe\u0142nieniem oferty s\u0105 us\u0142ugi szycia na miar\u0119, przer\u00f3bek krawieckich, szycia z powierzonego materia\u0142u oraz produkcji pokrowc\u00f3w. Marka realizuje tak\u017ce nadruki metod\u0105 sitodruku, haftu komputerowego i termotransferu, a tak\u017ce prowadzi serwis odzie\u017cy roboczej, obejmuj\u0105cy pranie, naprawy i przygotowanie odzie\u017cy do ponownego u\u017cytku.<\/p>\n<p data-start=\"2348\" data-end=\"2446\">WRIKT to do\u015bwiadczenie, indywidualne podej\u015bcie i niezawodno\u015b\u0107, kt\u00f3rym zaufa\u0142y firmy z wielu bran\u017c.<\/p>","protected":false},"excerpt":{"rendered":"<p>Profesjonalna kurtka robocza o w\u0142a\u015bciwo\u015bciach antystatycznych, przeznaczona do pracy w wymagaj\u0105cych warunkach przemys\u0142owych. Skutecznie ogranicza gromadzenie \u0142adunk\u00f3w elektrostatycznych, zwi\u0119kszaj\u0105c bezpiecze\u0144stwo u\u017cytkownika. Wysokiej jako\u015bci materia\u0142y oraz solidne wykonanie zapewniaj\u0105 trwa\u0142o\u015b\u0107, komfort noszenia i swobod\u0119 ruch\u00f3w przez ca\u0142y dzie\u0144 pracy. Idealna do zastosowa\u0144 w przemy\u015ble, produkcji, elektronice oraz strefach wymagaj\u0105cych ochrony.<\/p>","protected":false},"featured_media":75648,"comment_status":"open","ping_status":"closed","template":"","meta":[],"product_brand":[],"product_cat":[334],"product_tag":[],"class_list":{"0":"post-75647","1":"product","2":"type-product","3":"status-publish","4":"has-post-thumbnail","6":"product_cat-kurtki-robocze","8":"first","9":"instock","10":"shipping-taxable","11":"purchasable","12":"product-type-variable"},"yoast_head":"<!-- This site is optimized with the Yoast SEO plugin v26.4 - https:\/\/yoast.com\/wordpress\/plugins\/seo\/ -->\n<title>Kurtka robocza antystatyczna - WRIKT<\/title>\n<meta name=\"robots\" content=\"index, follow, max-snippet:-1, max-image-preview:large, max-video-preview:-1\" \/>\n<link rel=\"canonical\" href=\"https:\/\/wrikt.pl\/en\/product\/kurtka-robocza-antystatyczna\/\" \/>\n<meta property=\"og:locale\" content=\"en_GB\" \/>\n<meta property=\"og:type\" content=\"article\" \/>\n<meta property=\"og:title\" content=\"Kurtka robocza antystatyczna - WRIKT\" \/>\n<meta property=\"og:description\" content=\"Profesjonalna kurtka robocza o w\u0142a\u015bciwo\u015bciach antystatycznych, przeznaczona do pracy w wymagaj\u0105cych warunkach przemys\u0142owych. Skutecznie ogranicza gromadzenie \u0142adunk\u00f3w elektrostatycznych, zwi\u0119kszaj\u0105c bezpiecze\u0144stwo u\u017cytkownika. Wysokiej jako\u015bci materia\u0142y oraz solidne wykonanie zapewniaj\u0105 trwa\u0142o\u015b\u0107, komfort noszenia i swobod\u0119 ruch\u00f3w przez ca\u0142y dzie\u0144 pracy. Idealna do zastosowa\u0144 w przemy\u015ble, produkcji, elektronice oraz strefach wymagaj\u0105cych ochrony.\" \/>\n<meta property=\"og:url\" content=\"https:\/\/wrikt.pl\/en\/product\/kurtka-robocza-antystatyczna\/\" \/>\n<meta property=\"og:site_name\" content=\"WRIKT\" \/>\n<meta property=\"article:modified_time\" content=\"2025-12-15T18:25:30+00:00\" \/>\n<meta property=\"og:image\" content=\"https:\/\/wrikt.pl\/wp-content\/uploads\/2025\/12\/Generated-Image-December-15-2025-7_12PM.png\" \/>\n\t<meta property=\"og:image:width\" content=\"1024\" \/>\n\t<meta property=\"og:image:height\" content=\"1024\" \/>\n\t<meta property=\"og:image:type\" content=\"image\/png\" \/>\n<meta name=\"twitter:card\" content=\"summary_large_image\" \/>\n<meta name=\"twitter:label1\" content=\"Estimated reading time\" \/>\n\t<meta name=\"twitter:data1\" content=\"2 minutes\" \/>\n<script type=\"application\/ld+json\" class=\"yoast-schema-graph\">{\"@context\":\"https:\/\/schema.org\",\"@graph\":[{\"@type\":\"WebPage\",\"@id\":\"https:\/\/wrikt.pl\/product\/kurtka-robocza-antystatyczna\/\",\"url\":\"https:\/\/wrikt.pl\/product\/kurtka-robocza-antystatyczna\/\",\"name\":\"Kurtka robocza antystatyczna - WRIKT\",\"isPartOf\":{\"@id\":\"https:\/\/wrikt.pl\/#website\"},\"primaryImageOfPage\":{\"@id\":\"https:\/\/wrikt.pl\/product\/kurtka-robocza-antystatyczna\/#primaryimage\"},\"image\":{\"@id\":\"https:\/\/wrikt.pl\/product\/kurtka-robocza-antystatyczna\/#primaryimage\"},\"thumbnailUrl\":\"https:\/\/wrikt.pl\/wp-content\/uploads\/2025\/12\/Generated-Image-December-15-2025-7_12PM.png\",\"datePublished\":\"2025-12-15T18:25:10+00:00\",\"dateModified\":\"2025-12-15T18:25:30+00:00\",\"breadcrumb\":{\"@id\":\"https:\/\/wrikt.pl\/product\/kurtka-robocza-antystatyczna\/#breadcrumb\"},\"inLanguage\":\"en-GB\",\"potentialAction\":[{\"@type\":\"ReadAction\",\"target\":[\"https:\/\/wrikt.pl\/product\/kurtka-robocza-antystatyczna\/\"]}]},{\"@type\":\"ImageObject\",\"inLanguage\":\"en-GB\",\"@id\":\"https:\/\/wrikt.pl\/product\/kurtka-robocza-antystatyczna\/#primaryimage\",\"url\":\"https:\/\/wrikt.pl\/wp-content\/uploads\/2025\/12\/Generated-Image-December-15-2025-7_12PM.png\",\"contentUrl\":\"https:\/\/wrikt.pl\/wp-content\/uploads\/2025\/12\/Generated-Image-December-15-2025-7_12PM.png\",\"width\":1024,\"height\":1024},{\"@type\":\"BreadcrumbList\",\"@id\":\"https:\/\/wrikt.pl\/product\/kurtka-robocza-antystatyczna\/#breadcrumb\",\"itemListElement\":[{\"@type\":\"ListItem\",\"position\":1,\"name\":\"Home\",\"item\":\"https:\/\/wrikt.pl\/\"},{\"@type\":\"ListItem\",\"position\":2,\"name\":\"Sklep\",\"item\":\"https:\/\/wrikt.pl\/sklep\/\"},{\"@type\":\"ListItem\",\"position\":3,\"name\":\"Kurtka robocza antystatyczna\"}]},{\"@type\":\"WebSite\",\"@id\":\"https:\/\/wrikt.pl\/#website\",\"url\":\"https:\/\/wrikt.pl\/\",\"name\":\"WRIKT\",\"description\":\"Odzie\u017c Robocza dla Pracownik\u00f3w, Robotnik\u00f3w, Medyk\u00f3w i Gastronomii\",\"potentialAction\":[{\"@type\":\"SearchAction\",\"target\":{\"@type\":\"EntryPoint\",\"urlTemplate\":\"https:\/\/wrikt.pl\/?s={search_term_string}\"},\"query-input\":{\"@type\":\"PropertyValueSpecification\",\"valueRequired\":true,\"valueName\":\"search_term_string\"}}],\"inLanguage\":\"en-GB\"}]}<\/script>\n<!-- \/ Yoast SEO plugin. -->","yoast_head_json":{"title":"Kurtka robocza antystatyczna - WRIKT","robots":{"index":"index","follow":"follow","max-snippet":"max-snippet:-1","max-image-preview":"max-image-preview:large","max-video-preview":"max-video-preview:-1"},"canonical":"https:\/\/wrikt.pl\/en\/product\/kurtka-robocza-antystatyczna\/","og_locale":"en_GB","og_type":"article","og_title":"Kurtka robocza antystatyczna - WRIKT","og_description":"Profesjonalna kurtka robocza o w\u0142a\u015bciwo\u015bciach antystatycznych, przeznaczona do pracy w wymagaj\u0105cych warunkach przemys\u0142owych. Skutecznie ogranicza gromadzenie \u0142adunk\u00f3w elektrostatycznych, zwi\u0119kszaj\u0105c bezpiecze\u0144stwo u\u017cytkownika. Wysokiej jako\u015bci materia\u0142y oraz solidne wykonanie zapewniaj\u0105 trwa\u0142o\u015b\u0107, komfort noszenia i swobod\u0119 ruch\u00f3w przez ca\u0142y dzie\u0144 pracy. Idealna do zastosowa\u0144 w przemy\u015ble, produkcji, elektronice oraz strefach wymagaj\u0105cych ochrony.","og_url":"https:\/\/wrikt.pl\/en\/product\/kurtka-robocza-antystatyczna\/","og_site_name":"WRIKT","article_modified_time":"2025-12-15T18:25:30+00:00","og_image":[{"width":1024,"height":1024,"url":"https:\/\/wrikt.pl\/wp-content\/uploads\/2025\/12\/Generated-Image-December-15-2025-7_12PM.png","type":"image\/png"}],"twitter_card":"summary_large_image","twitter_misc":{"Estimated reading time":"2 minutes"},"schema":{"@context":"https:\/\/schema.org","@graph":[{"@type":"WebPage","@id":"https:\/\/wrikt.pl\/product\/kurtka-robocza-antystatyczna\/","url":"https:\/\/wrikt.pl\/product\/kurtka-robocza-antystatyczna\/","name":"Kurtka robocza antystatyczna - WRIKT","isPartOf":{"@id":"https:\/\/wrikt.pl\/#website"},"primaryImageOfPage":{"@id":"https:\/\/wrikt.pl\/product\/kurtka-robocza-antystatyczna\/#primaryimage"},"image":{"@id":"https:\/\/wrikt.pl\/product\/kurtka-robocza-antystatyczna\/#primaryimage"},"thumbnailUrl":"https:\/\/wrikt.pl\/wp-content\/uploads\/2025\/12\/Generated-Image-December-15-2025-7_12PM.png","datePublished":"2025-12-15T18:25:10+00:00","dateModified":"2025-12-15T18:25:30+00:00","breadcrumb":{"@id":"https:\/\/wrikt.pl\/product\/kurtka-robocza-antystatyczna\/#breadcrumb"},"inLanguage":"en-GB","potentialAction":[{"@type":"ReadAction","target":["https:\/\/wrikt.pl\/product\/kurtka-robocza-antystatyczna\/"]}]},{"@type":"ImageObject","inLanguage":"en-GB","@id":"https:\/\/wrikt.pl\/product\/kurtka-robocza-antystatyczna\/#primaryimage","url":"https:\/\/wrikt.pl\/wp-content\/uploads\/2025\/12\/Generated-Image-December-15-2025-7_12PM.png","contentUrl":"https:\/\/wrikt.pl\/wp-content\/uploads\/2025\/12\/Generated-Image-December-15-2025-7_12PM.png","width":1024,"height":1024},{"@type":"BreadcrumbList","@id":"https:\/\/wrikt.pl\/product\/kurtka-robocza-antystatyczna\/#breadcrumb","itemListElement":[{"@type":"ListItem","position":1,"name":"Home","item":"https:\/\/wrikt.pl\/"},{"@type":"ListItem","position":2,"name":"Sklep","item":"https:\/\/wrikt.pl\/sklep\/"},{"@type":"ListItem","position":3,"name":"Kurtka robocza antystatyczna"}]},{"@type":"WebSite","@id":"https:\/\/wrikt.pl\/#website","url":"https:\/\/wrikt.pl\/","name":"WRIKT","description":"Odzie\u017c Robocza dla Pracownik\u00f3w, Robotnik\u00f3w, Medyk\u00f3w i Gastronomii","potentialAction":[{"@type":"SearchAction","target":{"@type":"EntryPoint","urlTemplate":"https:\/\/wrikt.pl\/?s={search_term_string}"},"query-input":{"@type":"PropertyValueSpecification","valueRequired":true,"valueName":"search_term_string"}}],"inLanguage":"en-GB"}]}},"_links":{"self":[{"href":"https:\/\/wrikt.pl\/en\/wp-json\/wp\/v2\/product\/75647","targetHints":{"allow":["GET"]}}],"collection":[{"href":"https:\/\/wrikt.pl\/en\/wp-json\/wp\/v2\/product"}],"about":[{"href":"https:\/\/wrikt.pl\/en\/wp-json\/wp\/v2\/types\/product"}],"replies":[{"embeddable":true,"href":"https:\/\/wrikt.pl\/en\/wp-json\/wp\/v2\/comments?post=75647"}],"wp:featuredmedia":[{"embeddable":true,"href":"https:\/\/wrikt.pl\/en\/wp-json\/wp\/v2\/media\/75648"}],"wp:attachment":[{"href":"https:\/\/wrikt.pl\/en\/wp-json\/wp\/v2\/media?parent=75647"}],"wp:term":[{"taxonomy":"product_brand","embeddable":true,"href":"https:\/\/wrikt.pl\/en\/wp-json\/wp\/v2\/product_brand?post=75647"},{"taxonomy":"product_cat","embeddable":true,"href":"https:\/\/wrikt.pl\/en\/wp-json\/wp\/v2\/product_cat?post=75647"},{"taxonomy":"product_tag","embeddable":true,"href":"https:\/\/wrikt.pl\/en\/wp-json\/wp\/v2\/product_tag?post=75647"}],"curies":[{"name":"wp","href":"https:\/\/api.w.org\/{rel}","templated":true}]}}